{"id":705,"date":"2023-06-29T10:57:06","date_gmt":"2023-06-29T10:57:06","guid":{"rendered":"https:\/\/k4-gladbeck.de\/?page_id=705"},"modified":"2026-01-16T13:04:41","modified_gmt":"2026-01-16T13:04:41","slug":"seelsorge-und-lebensbegleitung","status":"publish","type":"page","link":"https:\/\/k4-gladbeck.de\/?page_id=705","title":{"rendered":"Seelsorge und Lebensbegleitung"},"content":{"rendered":"<p>Seelsorge und Lebensbegleitung<br \/>Seelsorge stellt sich in den Dienst des Versprechen Gottes, dass er uns Menschen liebt und niemals allein l\u00e4sst, egal wie wir leben, wie st\u00fcrmisch, schwer oder sch\u00f6n unser Leben auch gerade sein mag. In Seelsorgegespr\u00e4chen wird sich Zeit genommen, auf das eigene Leben zu schauen. Was ist gut? Was m\u00f6chte ich ver\u00e4ndern? Wie kann ich gl\u00fccklicher und zufriedener werden? Welchen Weg m\u00f6chte ich gehen?<\/p>\n\n\n<div class=\"wp-block-essential-blocks-accordion  root-eb-accordion-842wwpn\"><div class=\"eb-parent-wrapper eb-parent-eb-accordion-842wwpn \"><div class=\"eb-accordion-container eb-accordion-842wwpn\" data-accordion-type=\"accordion\" data-tab-icon=\"fas fa-angle-right\" data-expanded-icon=\"fas fa-angle-down\" data-transition-duration=\"500\"><div class=\"eb-accordion-inner\">\n<div class=\"wp-block-essential-blocks-accordion-item eb-accordion-item-y0b57cj eb-accordion-wrapper\" data-clickable=\"true\"><div class=\"eb-accordion-title-wrapper eb-accordion-title-wrapper-eb-accordion-842wwpn\" tabindex=\"0\"><span class=\"eb-accordion-icon-wrapper eb-accordion-icon-wrapper-eb-accordion-842wwpn\"><i icon=\"fas fa-angle-right\" class=\"fas fa-angle-right eb-accordion-icon\"><\/i><\/span><div class=\"eb-accordion-title-content-wrap title-content-eb-accordion-842wwpn\"><h3 class=\"eb-accordion-title\">Seelsorge und Lebensbegleitung<\/h3><\/div><\/div><div class=\"eb-accordion-content-wrapper eb-accordion-content-wrapper-eb-accordion-842wwpn\"><div class=\"eb-accordion-content\">\n<p>Seelsorge stellt sich in den Dienst des Versprechen Gottes, dass er uns Menschen liebt und niemals allein l\u00e4sst, egal wie wir leben, wie st\u00fcrmisch, schwer oder sch\u00f6n unser Leben auch gerade sein mag. In Seelsorgegespr\u00e4chen wird sich Zeit genommen, auf das eigene Leben zu schauen. Was ist gut? Was m\u00f6chte ich ver\u00e4ndern? Wie kann ich gl\u00fccklicher und zufriedener werden? Welchen Weg m\u00f6chte ich gehen?<br>Anders als in der Psychotherapie geht es in der Seelsorge nicht um die Heilung einer Krankheit, sondern darum, einen Menschen zu begleiten, zuzuh\u00f6ren, zu reflektieren und zu wachsen.<\/p>\n\n\n\n<p><\/p>\n\n\n\n<p>F\u00fcr wen: Erwachsene ab 18 Jahre<br>Wann: nach Absprache. Gespr\u00e4che ben\u00f6tigen i.d.R. eine Stunde<br>Wo: B\u00fcro Mark Bothe<br>Anmeldung bei: Mark Bothe<\/p>\n<\/div><\/div><\/div>\n\n\n\n<div class=\"wp-block-essential-blocks-accordion-item eb-accordion-item-x5pvnqj eb-accordion-wrapper\" data-clickable=\"false\"><div class=\"eb-accordion-title-wrapper eb-accordion-title-wrapper-eb-accordion-842wwpn\" tabindex=\"0\"><span class=\"eb-accordion-icon-wrapper eb-accordion-icon-wrapper-eb-accordion-842wwpn\"><i icon=\"fas fa-angle-right\" class=\"fas fa-angle-right eb-accordion-icon\"><\/i><\/span><div class=\"eb-accordion-title-content-wrap title-content-eb-accordion-842wwpn\"><h3 class=\"eb-accordion-title\">Queersensible Seelsorge<\/h3><\/div><\/div><div class=\"eb-accordion-content-wrapper eb-accordion-content-wrapper-eb-accordion-842wwpn\"><div class=\"eb-accordion-content\">\n<p>Queersensible Seelsorge bedeutet, dass das Queersein ausdr\u00fccklich Thema sein darf und ist. Sie beachtet die Bed\u00fcrfnisse und Situationen queerer Menschen und unterst\u00fctzt z. B. bei der Suche nach der eigenen sexuellen Orientierung und geschlechtlichen Identit\u00e4t, in Liebes- und Beziehungsfragen, beim Coming Out etc.<\/p>\n\n\n\n<p><\/p>\n\n\n\n<p>F\u00fcr wen: queere Jugendliche und Erwachsene <br>F\u00fcr wen: Erwachsene ab 18 Jahre<br>Wann: nach Absprache. Gespr\u00e4che ben\u00f6tigen i.d.R. eine Stunde<br>Wo: B\u00fcro Mark Bothe<br>Anmeldung bei: Mark Bothe<\/p>\n<\/div><\/div><\/div>\n\n\n\n<div class=\"wp-block-essential-blocks-accordion-item eb-accordion-item-yc7yowz eb-accordion-wrapper\" data-clickable=\"false\"><div class=\"eb-accordion-title-wrapper eb-accordion-title-wrapper-eb-accordion-842wwpn\" tabindex=\"0\"><span class=\"eb-accordion-icon-wrapper eb-accordion-icon-wrapper-eb-accordion-842wwpn\"><i icon=\"fas fa-angle-right\" class=\"fas fa-angle-right eb-accordion-icon\"><\/i><\/span><div class=\"eb-accordion-title-content-wrap title-content-eb-accordion-842wwpn\"><h3 class=\"eb-accordion-title\">M\u00e4nnerseelsorge<\/h3><\/div><\/div><div class=\"eb-accordion-content-wrapper eb-accordion-content-wrapper-eb-accordion-842wwpn\"><div class=\"eb-accordion-content\">\n<p>Was es hei\u00dft ein Mann zu sein ver\u00e4ndert sich rapide. Was noch vor ein paar Jahren galt, steht heute in Frage. M\u00e4nnerseelsorge hilft und unterst\u00fctz dabei, diesen Rollenwandel zu vollziehen. In Zweiergespr\u00e4chen und kleinen Gruppen geht es ums Vatersein, Erwachsenwerden, den Umgang mit dem eigenen Geschlecht, Trauer und Beziehung. <\/p>\n\n\n\n<p><\/p>\n\n\n\n<p>F\u00fcr wen: Jugendliche und erwachsene M\u00e4nner<br>F\u00fcr wen: Erwachsene ab 18 Jahre<br>Wann: nach Absprache. Gespr\u00e4che ben\u00f6tigen i.d.R. eine Stunde<br>Wo: B\u00fcro Mark Bothe<br>Anmeldung bei: Mark Bothe<\/p>\n<\/div><\/div><\/div>\n<\/div><\/div><\/div><\/div>\n","protected":false},"excerpt":{"rendered":"<p>Seelsorge und LebensbegleitungSeelsorge stellt sich in den Dienst des Versprechen Gottes, dass er uns Menschen liebt und niemals allein l\u00e4sst, egal wie wir leben, wie st\u00fcrmisch, schwer oder sch\u00f6n unser Leben auch gerade sein mag. In Seelsorgegespr\u00e4chen wird sich Zeit genommen, auf das eigene Leben zu schauen. Was ist gut? Was m\u00f6chte ich ver\u00e4ndern? Wie kann ich gl\u00fccklicher und zufriedener [&hellip;]<\/p>\n","protected":false},"author":1,"featured_media":0,"parent":0,"menu_order":0,"comment_status":"closed","ping_status":"closed","template":"","meta":{"_eb_attr":"","footnotes":""},"class_list":["post-705","page","type-page","status-publish","hentry"],"_links":{"self":[{"href":"https:\/\/k4-gladbeck.de\/index.php?rest_route=\/wp\/v2\/pages\/705","targetHints":{"allow":["GET"]}}],"collection":[{"href":"https:\/\/k4-gladbeck.de\/index.php?rest_route=\/wp\/v2\/pages"}],"about":[{"href":"https:\/\/k4-gladbeck.de\/index.php?rest_route=\/wp\/v2\/types\/page"}],"author":[{"embeddable":true,"href":"https:\/\/k4-gladbeck.de\/index.php?rest_route=\/wp\/v2\/users\/1"}],"replies":[{"embeddable":true,"href":"https:\/\/k4-gladbeck.de\/index.php?rest_route=%2Fwp%2Fv2%2Fcomments&post=705"}],"version-history":[{"count":6,"href":"https:\/\/k4-gladbeck.de\/index.php?rest_route=\/wp\/v2\/pages\/705\/revisions"}],"predecessor-version":[{"id":1725,"href":"https:\/\/k4-gladbeck.de\/index.php?rest_route=\/wp\/v2\/pages\/705\/revisions\/1725"}],"wp:attachment":[{"href":"https:\/\/k4-gladbeck.de\/index.php?rest_route=%2Fwp%2Fv2%2Fmedia&parent=705"}],"curies":[{"name":"wp","href":"https:\/\/api.w.org\/{rel}","templated":true}]}}