{"id":702,"date":"2023-06-29T10:56:51","date_gmt":"2023-06-29T10:56:51","guid":{"rendered":"https:\/\/k4-gladbeck.de\/?page_id=702"},"modified":"2024-09-24T14:37:34","modified_gmt":"2024-09-24T14:37:34","slug":"fuer-menschen-mit-migrations-und-fluchthintergrund","status":"publish","type":"page","link":"https:\/\/k4-gladbeck.de\/?page_id=702","title":{"rendered":"Migrant:innen"},"content":{"rendered":"\n<p>Angebote f\u00fcr alle Menschen mit Migrationsgeschichte. Diese Angebote werden teilweise durch das K4 getragen, teilweise aber auch durch externe Partner:innen, wie z.B. Primus e.V., das Forum Bildungszentrum, oder die Katholische Erwachsenen und Familienbildung. <\/p>\n\n\n\n<hr class=\"wp-block-separator has-alpha-channel-opacity\"\/>\n\n\n\n<div class=\"wp-block-essential-blocks-accordion  root-eb-accordion-4hdvhe7\"><div class=\"eb-parent-wrapper eb-parent-eb-accordion-4hdvhe7 \"><div class=\"eb-accordion-container eb-accordion-4hdvhe7\" data-accordion-type=\"accordion\" data-tab-icon=\"fas fa-angle-right\" data-expanded-icon=\"fas fa-angle-down\" data-transition-duration=\"500\"><div class=\"eb-accordion-inner\">\n<div class=\"wp-block-essential-blocks-accordion-item eb-accordion-item-mkxk78o eb-accordion-wrapper\" data-clickable=\"true\"><div class=\"eb-accordion-title-wrapper eb-accordion-title-wrapper-eb-accordion-4hdvhe7\" tabindex=\"0\"><span class=\"eb-accordion-icon-wrapper eb-accordion-icon-wrapper-eb-accordion-4hdvhe7\"><span class=\"fas fa-angle-right eb-accordion-icon\"><\/span><\/span><div class=\"eb-accordion-title-content-wrap title-content-eb-accordion-4hdvhe7\"><h3 class=\"eb-accordion-title\">Deutschkurse mit Sprachpr\u00fcfung<\/h3><\/div><\/div><div class=\"eb-accordion-content-wrapper eb-accordion-content-wrapper-eb-accordion-4hdvhe7\"><div class=\"eb-accordion-content\">\n<p>F\u00fcr wen: Menschen mit deutsch als Fremdsprache<br>Wann: Mittwochs und Donnerstags, 9-12 Uhr<br>Wo: Kreativplace, Kulturzentrum, Konveniat<br>Anmeldung bei: <\/p>\n\n\n\n<p>Forum Bildungszentrum<\/p>\n\n\n\n<p>E-Mail: kontakt@forum-bz.de<\/p>\n\n\n\n<p>Telefon: 0208 \/ 99 52 777<\/p>\n<\/div><\/div><\/div>\n\n\n\n<div class=\"wp-block-essential-blocks-accordion-item eb-accordion-item-ckmzans eb-accordion-wrapper\" data-clickable=\"false\"><div class=\"eb-accordion-title-wrapper eb-accordion-title-wrapper-eb-accordion-4hdvhe7\" tabindex=\"0\"><span class=\"eb-accordion-icon-wrapper eb-accordion-icon-wrapper-eb-accordion-4hdvhe7\"><span class=\"fas fa-angle-right eb-accordion-icon\"><\/span><\/span><div class=\"eb-accordion-title-content-wrap title-content-eb-accordion-4hdvhe7\"><h3 class=\"eb-accordion-title\">Deutschkurse ohne Sprachpr\u00fcfung<\/h3><\/div><\/div><div class=\"eb-accordion-content-wrapper eb-accordion-content-wrapper-eb-accordion-4hdvhe7\"><div class=\"eb-accordion-content\">\n<p>F\u00fcr wen: Menschen mit deutsch als Fremdsprache<br>Wann: Montags bis Freitags, 9-12 Uhr und Montags, Dienstags, Donnerstags und Freitags12:30-16:30 Uhr <br>Wo: Klausur<br>Anmeldung bei: B\u00fcro der ev. Fl\u00fcchtlingshilfe<br>Andreas Schlebach (0171-5397872), Monika Claus (0177-1916072), Reile Hildebrandt-Junge-Wendtrup (0176-32439125)<br>E-Mail: gla-fluechtlingshilfe@ekvw.de<\/p>\n<\/div><\/div><\/div>\n\n\n\n<div class=\"wp-block-essential-blocks-accordion-item eb-accordion-item-r4iu37q eb-accordion-wrapper\" data-clickable=\"false\"><div class=\"eb-accordion-title-wrapper eb-accordion-title-wrapper-eb-accordion-4hdvhe7\" tabindex=\"0\"><span class=\"eb-accordion-icon-wrapper eb-accordion-icon-wrapper-eb-accordion-4hdvhe7\"><span class=\"fas fa-angle-right eb-accordion-icon\"><\/span><\/span><div class=\"eb-accordion-title-content-wrap title-content-eb-accordion-4hdvhe7\"><h3 class=\"eb-accordion-title\">Deutschkurs f\u00fcr Jugendliche<\/h3><\/div><\/div><div class=\"eb-accordion-content-wrapper eb-accordion-content-wrapper-eb-accordion-4hdvhe7\"><div class=\"eb-accordion-content\">\n<p>F\u00fcr wen: Jugendliche, die deutsch lernen m\u00f6chten<br>Wann: Dienstags und Donnerstags, 16:30-18:30 Uhr<br>Wo: Kreativplace, Kidszone<br>Anmeldung bei: B\u00fcro der ev. Fl\u00fcchtlingshilfe<br>Andreas Schlebach (0171-5397872), Monika Claus (0177-1916072), Reile Hildebrandt-Junge-Wendtrup (0176-32439125)<br>E-Mail: gla-fluechtlingshilfe@ekvw.de<\/p>\n<\/div><\/div><\/div>\n\n\n\n<div class=\"wp-block-essential-blocks-accordion-item eb-accordion-item-vufb1in eb-accordion-wrapper\" data-clickable=\"false\"><div class=\"eb-accordion-title-wrapper eb-accordion-title-wrapper-eb-accordion-4hdvhe7\" tabindex=\"0\"><span class=\"eb-accordion-icon-wrapper eb-accordion-icon-wrapper-eb-accordion-4hdvhe7\"><span class=\"fas fa-angle-right eb-accordion-icon\"><\/span><\/span><div class=\"eb-accordion-title-content-wrap title-content-eb-accordion-4hdvhe7\"><h3 class=\"eb-accordion-title\">Deutschkurs mit Kinderbetreuung<\/h3><\/div><\/div><div class=\"eb-accordion-content-wrapper eb-accordion-content-wrapper-eb-accordion-4hdvhe7\"><div class=\"eb-accordion-content\">\n<p>F\u00fcr wen: Menschen mit Migrationshintergrund und jungen Kindern <br>Wann: Mittwochs 17-19:30 Uhr<br>Wo: Kreativplace, Kidszone<br>Anmeldung bei: Katholische Erwachsenen- und Familienbildung (KEFB)<\/p>\n\n\n\n<p><strong>Regina Nitsche<\/strong><\/p>\n\n\n\n<p>Tel.: 02041 70623-14<\/p>\n\n\n\n<p>E-Mail: <a href=\"mailto:\">regina.nitsche@kefb.info<\/a><\/p>\n<\/div><\/div><\/div>\n\n\n\n<div class=\"wp-block-essential-blocks-accordion-item eb-accordion-item-nohq0ab eb-accordion-wrapper\" data-clickable=\"false\"><div class=\"eb-accordion-title-wrapper eb-accordion-title-wrapper-eb-accordion-4hdvhe7\" tabindex=\"0\"><span class=\"eb-accordion-icon-wrapper eb-accordion-icon-wrapper-eb-accordion-4hdvhe7\"><span class=\"fas fa-angle-right eb-accordion-icon\"><\/span><\/span><div class=\"eb-accordion-title-content-wrap title-content-eb-accordion-4hdvhe7\"><h3 class=\"eb-accordion-title\">Sprachcaf\u00e9<\/h3><\/div><\/div><div class=\"eb-accordion-content-wrapper eb-accordion-content-wrapper-eb-accordion-4hdvhe7\"><div class=\"eb-accordion-content\">\n<p>F\u00fcr wen: Menschen, die ihre Deutschenntnisse verbessern wollen<br>Wann: Freitags 15-17 Uhr<br>Wo: Kreativplace <br>Anmeldung bei: B\u00fcro der ev. Fl\u00fcchtlingshilfe<br>Andreas Schlebach (0171-5397872), Monika Claus (0177-1916072), Reile Hildebrandt-Junge-Wendtrup (0176-32439125)<br>E-Mail: gla-fluechtlingshilfe@ekvw.de<\/p>\n<\/div><\/div><\/div>\n\n\n\n<div class=\"wp-block-essential-blocks-accordion-item eb-accordion-item-7ce6c5n eb-accordion-wrapper\" data-clickable=\"false\"><div class=\"eb-accordion-title-wrapper eb-accordion-title-wrapper-eb-accordion-4hdvhe7\" tabindex=\"0\"><span class=\"eb-accordion-icon-wrapper eb-accordion-icon-wrapper-eb-accordion-4hdvhe7\"><span class=\"fas fa-angle-right eb-accordion-icon\"><\/span><\/span><div class=\"eb-accordion-title-content-wrap title-content-eb-accordion-4hdvhe7\"><h3 class=\"eb-accordion-title\">Frauenintegrationskurs<\/h3><\/div><\/div><div class=\"eb-accordion-content-wrapper eb-accordion-content-wrapper-eb-accordion-4hdvhe7\"><div class=\"eb-accordion-content\">\n<p>F\u00fcr wen: Frauen mit Migrationshintergrund<br>Wann: Montags bis Freitags, 8:45-12:15 Uhr<br>Wo: Konveniat<br>Anmeldung bei: Forum Bildungszentrum<\/p>\n\n\n\n<p>E-Mail: kontakt@forum-bz.de<\/p>\n\n\n\n<p>Telefon: 0208 \/ 99 52 777<\/p>\n<\/div><\/div><\/div>\n\n\n\n<div class=\"wp-block-essential-blocks-accordion-item eb-accordion-item-o0v56yc eb-accordion-wrapper\" data-clickable=\"false\"><div class=\"eb-accordion-title-wrapper eb-accordion-title-wrapper-eb-accordion-4hdvhe7\" tabindex=\"0\"><span class=\"eb-accordion-icon-wrapper eb-accordion-icon-wrapper-eb-accordion-4hdvhe7\"><span class=\"fas fa-angle-right eb-accordion-icon\"><\/span><\/span><div class=\"eb-accordion-title-content-wrap title-content-eb-accordion-4hdvhe7\"><h3 class=\"eb-accordion-title\">Frauentreff<\/h3><\/div><\/div><div class=\"eb-accordion-content-wrapper eb-accordion-content-wrapper-eb-accordion-4hdvhe7\"><div class=\"eb-accordion-content\">\n<p>F\u00fcr wen: Frauen<br>Wann: Freitags 12-15 Uhr<br>Wo: Kreativplace <br>Anmeldung bei: Siham Kobrosly<\/p>\n<\/div><\/div><\/div>\n\n\n\n<div class=\"wp-block-essential-blocks-accordion-item eb-accordion-item-2vzd9g3 eb-accordion-wrapper\" data-clickable=\"false\"><div class=\"eb-accordion-title-wrapper eb-accordion-title-wrapper-eb-accordion-4hdvhe7\" tabindex=\"0\"><span class=\"eb-accordion-icon-wrapper eb-accordion-icon-wrapper-eb-accordion-4hdvhe7\"><span class=\"fas fa-angle-right eb-accordion-icon\"><\/span><\/span><div class=\"eb-accordion-title-content-wrap title-content-eb-accordion-4hdvhe7\"><h3 class=\"eb-accordion-title\">Ukraine-Treffen<\/h3><\/div><\/div><div class=\"eb-accordion-content-wrapper eb-accordion-content-wrapper-eb-accordion-4hdvhe7\"><div class=\"eb-accordion-content\">\n<p>F\u00fcr wen: Ukrainer:innen<br>Wann: Freitags 14:30-17:30<br>Wo: Kidszone<br>Anmeldung bei: Reile Hildebrandt-Junge-Wendtrup<\/p>\n<\/div><\/div><\/div>\n\n\n\n<div class=\"wp-block-essential-blocks-accordion-item eb-accordion-item-05twdn7 eb-accordion-wrapper\" data-clickable=\"false\"><div class=\"eb-accordion-title-wrapper eb-accordion-title-wrapper-eb-accordion-4hdvhe7\" tabindex=\"0\"><span class=\"eb-accordion-icon-wrapper eb-accordion-icon-wrapper-eb-accordion-4hdvhe7\"><span class=\"fas fa-angle-right eb-accordion-icon\"><\/span><\/span><div class=\"eb-accordion-title-content-wrap title-content-eb-accordion-4hdvhe7\"><h3 class=\"eb-accordion-title\">Hilfe f\u00fcr Gefl\u00fcchtete und Migrant:innen<\/h3><\/div><\/div><div class=\"eb-accordion-content-wrapper eb-accordion-content-wrapper-eb-accordion-4hdvhe7\"><div class=\"eb-accordion-content\">\n<p>F\u00fcr wen: Asylbewerber:innen und Zugewanderte<br>Wann: Sprechstunde von Montag bis Donnerstag 9:00 Uhr-13:00 Uhr \/\/ nach Vereinbarung<br>Wo: Fl\u00fcchtlingsb\u00fcro der evangelischen Kirche<br>Anmeldung bei: B\u00fcro der ev. Fl\u00fcchtlingshilfe<br>Andreas Schlebach (0171-5397872), Monika Claus (0177-1916072), Reile Hildebrandt-Junge-Wendtrup (0176-32439125)<br>E-Mail: gla-fluechtlingshilfe@ekvw.de<br><\/p>\n<\/div><\/div><\/div>\n\n\n\n<div class=\"wp-block-essential-blocks-accordion-item eb-accordion-item-npsn0a5 eb-accordion-wrapper\" data-clickable=\"false\"><div class=\"eb-accordion-title-wrapper eb-accordion-title-wrapper-eb-accordion-4hdvhe7\" tabindex=\"0\"><span class=\"eb-accordion-icon-wrapper eb-accordion-icon-wrapper-eb-accordion-4hdvhe7\"><span class=\"fas fa-angle-right eb-accordion-icon\"><\/span><\/span><div class=\"eb-accordion-title-content-wrap title-content-eb-accordion-4hdvhe7\"><h3 class=\"eb-accordion-title\">Sozialberatung<\/h3><\/div><\/div><div class=\"eb-accordion-content-wrapper eb-accordion-content-wrapper-eb-accordion-4hdvhe7\"><div class=\"eb-accordion-content\">\n<p>F\u00fcr wen: Jeden mit Beratungsbedarf<br>Wann: nach Vereinbarung<br>Wo: K4<br>Anmeldung bei: Hammad Alfares<\/p>\n<\/div><\/div><\/div>\n<\/div><\/div><\/div><\/div>\n\n\n\n<p><\/p>\n","protected":false},"excerpt":{"rendered":"<p>Angebote f\u00fcr alle Menschen mit Migrationsgeschichte. Diese Angebote werden teilweise durch das K4 getragen, teilweise aber auch durch externe Partner:innen, wie z.B. Primus e.V., das Forum Bildungszentrum, oder die Katholische Erwachsenen und Familienbildung.<\/p>\n","protected":false},"author":1,"featured_media":0,"parent":0,"menu_order":0,"comment_status":"closed","ping_status":"closed","template":"","meta":{"_eb_attr":"","footnotes":""},"class_list":["post-702","page","type-page","status-publish","hentry"],"_links":{"self":[{"href":"https:\/\/k4-gladbeck.de\/index.php?rest_route=\/wp\/v2\/pages\/702","targetHints":{"allow":["GET"]}}],"collection":[{"href":"https:\/\/k4-gladbeck.de\/index.php?rest_route=\/wp\/v2\/pages"}],"about":[{"href":"https:\/\/k4-gladbeck.de\/index.php?rest_route=\/wp\/v2\/types\/page"}],"author":[{"embeddable":true,"href":"https:\/\/k4-gladbeck.de\/index.php?rest_route=\/wp\/v2\/users\/1"}],"replies":[{"embeddable":true,"href":"https:\/\/k4-gladbeck.de\/index.php?rest_route=%2Fwp%2Fv2%2Fcomments&post=702"}],"version-history":[{"count":31,"href":"https:\/\/k4-gladbeck.de\/index.php?rest_route=\/wp\/v2\/pages\/702\/revisions"}],"predecessor-version":[{"id":1647,"href":"https:\/\/k4-gladbeck.de\/index.php?rest_route=\/wp\/v2\/pages\/702\/revisions\/1647"}],"wp:attachment":[{"href":"https:\/\/k4-gladbeck.de\/index.php?rest_route=%2Fwp%2Fv2%2Fmedia&parent=702"}],"curies":[{"name":"wp","href":"https:\/\/api.w.org\/{rel}","templated":true}]}}