{"id":1633,"date":"2024-09-24T14:36:27","date_gmt":"2024-09-24T14:36:27","guid":{"rendered":"https:\/\/k4-gladbeck.de\/?page_id=1633"},"modified":"2024-09-24T14:36:27","modified_gmt":"2024-09-24T14:36:27","slug":"formularhilfe","status":"publish","type":"page","link":"https:\/\/k4-gladbeck.de\/?page_id=1633","title":{"rendered":"Formularhilfe"},"content":{"rendered":"\n<p>Die Formularhilfe hilft jeden Dienstag von 9-12 Uhr beim Ausf\u00fcllen von Formularen. Besonders bei Vertr\u00e4gen, Schriftwechseln mit \u00c4mtern, sowie bei Antr\u00e4gen an das Land und die Kommune. <br>Um Zeit zu sparen denken Sie bitte daran, die n\u00f6tigen Dokumente schon zur Beratung mitzubringen.<\/p>\n\n\n\n<ul class=\"wp-block-list\"><\/ul>\n\n\n\n<div class=\"wp-block-essential-blocks-accordion  root-eb-accordion-4hdvhe7\"><div class=\"eb-parent-wrapper eb-parent-eb-accordion-4hdvhe7 \"><div class=\"eb-accordion-container eb-accordion-4hdvhe7\" data-accordion-type=\"accordion\" data-tab-icon=\"fas fa-angle-right\" data-expanded-icon=\"fas fa-angle-down\" data-transition-duration=\"500\"><div class=\"eb-accordion-inner\">\n<div class=\"wp-block-essential-blocks-accordion-item eb-accordion-item-mkxk78o eb-accordion-wrapper\" data-clickable=\"true\"><div class=\"eb-accordion-title-wrapper eb-accordion-title-wrapper-eb-accordion-4hdvhe7\" tabindex=\"0\"><span class=\"eb-accordion-icon-wrapper eb-accordion-icon-wrapper-eb-accordion-4hdvhe7\"><span class=\"fas fa-angle-right eb-accordion-icon\"><\/span><\/span><div class=\"eb-accordion-title-content-wrap title-content-eb-accordion-4hdvhe7\"><h3 class=\"eb-accordion-title\">Antrag auf Grundsicherung<\/h3><\/div><\/div><div class=\"eb-accordion-content-wrapper eb-accordion-content-wrapper-eb-accordion-4hdvhe7\"><div class=\"eb-accordion-content\">\n<ul class=\"wp-block-list\">\n<li>Antrag auf Grundsicherung<\/li>\n\n\n\n<li><strong>Alle<\/strong> Anlagen gem\u00e4\u00df Brief vom Sozialamt<\/li>\n\n\n\n<li>G\u00fcltige Personaldokumente<\/li>\n\n\n\n<li>Meldebest\u00e4tigung<\/li>\n\n\n\n<li>Nachweise der dauerhaften vollen Erwerbsminderung<\/li>\n\n\n\n<li>Einkommensnachweise<\/li>\n\n\n\n<li>Verm\u00f6gensnachweise<\/li>\n\n\n\n<li>Mietvertrag gegebenenfalls Miet\u00e4nderungsschreiben<\/li>\n\n\n\n<li>Nachweise \u00fcber Kranken- und Pflegeversicherung<\/li>\n<\/ul>\n\n\n\n<p>&nbsp;Antragsunterlagen sind einzureichen beim:<\/p>\n\n\n\n<p><strong>Sozialamt Gladbeck. Wilhelmstra\u00dfe 8, 45964 Gladbeck<\/strong><\/p>\n<\/div><\/div><\/div>\n\n\n\n<div class=\"wp-block-essential-blocks-accordion-item eb-accordion-item-ckmzans eb-accordion-wrapper\" data-clickable=\"false\"><div class=\"eb-accordion-title-wrapper eb-accordion-title-wrapper-eb-accordion-4hdvhe7\" tabindex=\"0\"><span class=\"eb-accordion-icon-wrapper eb-accordion-icon-wrapper-eb-accordion-4hdvhe7\"><span class=\"fas fa-angle-right eb-accordion-icon\"><\/span><\/span><div class=\"eb-accordion-title-content-wrap title-content-eb-accordion-4hdvhe7\"><h3 class=\"eb-accordion-title\">Beitragsbefreiung ARD\/ZDF (GEZ)<\/h3><\/div><\/div><div class=\"eb-accordion-content-wrapper eb-accordion-content-wrapper-eb-accordion-4hdvhe7\"><div class=\"eb-accordion-content\">\n<ul class=\"wp-block-list\">\n<li>Antragsformular auf Befreiung (beim B\u00fcrgeramt oder im Internet)<\/li>\n\n\n\n<li>ARD\/ZDF Beitragsnummer<\/li>\n\n\n\n<li>Bescheinigung f\u00fcr Leistungen des Job Center (findest du beim Bewilligungsbescheid vom Job Center)<\/li>\n<\/ul>\n\n\n\n<p><strong>TIP!<\/strong> Achten Sie auf den Zeitraum Ihrer Leistungsbewilligung, nur dieser Zeitraum kann befreit werden.<\/p>\n\n\n\n<p><strong>BEACHTE!<\/strong> Bei Besch\u00e4ftigung, z.B. bei Lohn-\/ Gehaltseinkommen, z.B. bei Wegfall von Leistungen nach SGB II werden Geb\u00fchrenbeitr\u00e4ge f\u00e4llig.<\/p>\n\n\n\n<p>Bitte den Antrag schon ausf\u00fcllen und mit Kopien von ben\u00f6tigten Unterlagen zur <strong>Formularhilfe<\/strong> mitbringen. Wir schauen dann gemeinsam, dass der Antrag vollst\u00e4ndig und richtig ausgef\u00fcllt ist. <\/p>\n\n\n\n<p><\/p>\n\n\n\n<p>Den Antrag dann an folgende Adresse senden:<\/p>\n\n\n\n<p><strong>ARD\/ZDF Deutschlandradio<\/strong><\/p>\n\n\n\n<p><strong>Beitragsservice<\/strong><\/p>\n\n\n\n<p><strong>50656 K\u00f6ln<\/strong><\/p>\n<\/div><\/div><\/div>\n\n\n\n<div class=\"wp-block-essential-blocks-accordion-item eb-accordion-item-vufb1in eb-accordion-wrapper\" data-clickable=\"false\"><div class=\"eb-accordion-title-wrapper eb-accordion-title-wrapper-eb-accordion-4hdvhe7\" tabindex=\"0\"><span class=\"eb-accordion-icon-wrapper eb-accordion-icon-wrapper-eb-accordion-4hdvhe7\"><span class=\"fas fa-angle-right eb-accordion-icon\"><\/span><\/span><div class=\"eb-accordion-title-content-wrap title-content-eb-accordion-4hdvhe7\"><h3 class=\"eb-accordion-title\">Hauptantrag JoCenter<\/h3><\/div><\/div><div class=\"eb-accordion-content-wrapper eb-accordion-content-wrapper-eb-accordion-4hdvhe7\"><div class=\"eb-accordion-content\">\n<ul class=\"wp-block-list\">\n<li><strong>Alle<\/strong> Anlagen gem\u00e4\u00df Brief vom Job Center<\/li>\n\n\n\n<li>Aufenthaltstitel aller Haushaltsmitglieder<\/li>\n\n\n\n<li>Rentenversicherung Nummer (Sozialversicherung)<\/li>\n\n\n\n<li>Steuer-Identifikation (Steuer ID), IBAN f\u00fcr die Zahlung<\/li>\n\n\n\n<li>Mitgliedsbescheinigung der Krankenkasse<\/li>\n\n\n\n<li>Eventuell Meldebescheinigung<\/li>\n\n\n\n<li>Mietvertrag, Mieth\u00f6he (Grundmiete, Nebenkosten, Heizungskosten)<\/li>\n\n\n\n<li>In Abh\u00e4ngigkeit von der individuellen Situation und der Anforderung durch das Job Center werden weitere Informationen und Unterlagen (z.B. Kontoausz\u00fcge, Bescheid \u00fcber Einstellung durch anderes Job Center oder Sozialamt und weitere)<\/li>\n<\/ul>\n\n\n\n<p><strong>TIP:<\/strong> Damit dein Antrag schnellstm\u00f6glich abgegeben werden kann, bitte die Antr\u00e4ge soweit als m\u00f6glich schon zuhause ausf\u00fcllen und die erforderlichen Unterlagen (bitte ggf. gut lesbare Kopien) mitbringen zur Formularhilfe. Wir schauen dann gemeinsam, ob noch etwas fehlt oder erg\u00e4nzt werden muss.<\/p>\n\n\n\n<p>Der Antrag zzgl. aller Unterlagen kann dann eingereicht werden beim:<\/p>\n\n\n\n<p><strong>Job Center, Wilhelmstr. 8-1, 45964 Gladbeck<\/strong><\/p>\n<\/div><\/div><\/div>\n\n\n\n<div class=\"wp-block-essential-blocks-accordion-item eb-accordion-item-r4iu37q eb-accordion-wrapper\" data-clickable=\"false\"><div class=\"eb-accordion-title-wrapper eb-accordion-title-wrapper-eb-accordion-4hdvhe7\" tabindex=\"0\"><span class=\"eb-accordion-icon-wrapper eb-accordion-icon-wrapper-eb-accordion-4hdvhe7\"><span class=\"fas fa-angle-right eb-accordion-icon\"><\/span><\/span><div class=\"eb-accordion-title-content-wrap title-content-eb-accordion-4hdvhe7\"><h3 class=\"eb-accordion-title\">Antrag auf Elterngeld<\/h3><\/div><\/div><div class=\"eb-accordion-content-wrapper eb-accordion-content-wrapper-eb-accordion-4hdvhe7\"><div class=\"eb-accordion-content\">\n<ul class=\"wp-block-list\">\n<li>Antrag auf Elterngeld<\/li>\n\n\n\n<li><strong>Alle<\/strong> Anlagen gem\u00e4\u00df Brief der Elterngeldsstelle<\/li>\n\n\n\n<li>Geburtsurkunde zur Beantragung von Elterngeld (Originalbescheinigung)<\/li>\n\n\n\n<li>Steuer-ID Antragsteller und Partner*in<\/li>\n\n\n\n<li>Weitere Unterlagen (z.B. Heiratsurkunden, Meldebescheinigung u.w.) in Abh\u00e4ngigkeit von der Beantwortung der Fragen zum Einkommen 24 Monate vor Geburt des Kindes und\/oder w\u00e4hrend des Bezuges von Elterngeld<\/li>\n\n\n\n<li>Krankenkasse und Versicherung Nr. der Mutter<\/li>\n\n\n\n<li>IBAN f\u00fcr Elterngeldzahlung<\/li>\n<\/ul>\n\n\n\n<p><strong>Zu Beachten:<\/strong> Die Antragsbearbeitung dauert ca. 6 Wochen<\/p>\n\n\n\n<p>Antragsunterlagen an folgende Adresse senden:<\/p>\n\n\n\n<p><strong>Kreisverwaltung Recklinghausen Fachdienst 50, Resort 2, <\/strong><strong>Kurt-Schumacher-Allee 1<br>45657 Recklinghausen<\/strong><\/p>\n<\/div><\/div><\/div>\n\n\n\n<div class=\"wp-block-essential-blocks-accordion-item eb-accordion-item-nohq0ab eb-accordion-wrapper\" data-clickable=\"false\"><div class=\"eb-accordion-title-wrapper eb-accordion-title-wrapper-eb-accordion-4hdvhe7\" tabindex=\"0\"><span class=\"eb-accordion-icon-wrapper eb-accordion-icon-wrapper-eb-accordion-4hdvhe7\"><span class=\"fas fa-angle-right eb-accordion-icon\"><\/span><\/span><div class=\"eb-accordion-title-content-wrap title-content-eb-accordion-4hdvhe7\"><h3 class=\"eb-accordion-title\">Antrag auf Kindergeld<\/h3><\/div><\/div><div class=\"eb-accordion-content-wrapper eb-accordion-content-wrapper-eb-accordion-4hdvhe7\"><div class=\"eb-accordion-content\">\n<ul class=\"wp-block-list\">\n<li>Formular Antrag auf Kindergeld<\/li>\n\n\n\n<li>Anlage Kind<\/li>\n\n\n\n<li><strong>Alle<\/strong> Anlagen gem\u00e4\u00df Brief der Familienkasse<\/li>\n\n\n\n<li>Steuer ID von Eltern und Kind<\/li>\n\n\n\n<li>Aufenthaltstitel sofern andere als deutsche Staatsangeh\u00f6rigkeit<\/li>\n\n\n\n<li>Geburtsurkunde<\/li>\n\n\n\n<li>Eventuell Schulbescheinigung o.\u00e4. wenn Kind 18 Jahre<\/li>\n<\/ul>\n\n\n\n<p>Bitte den Antrag soweit m\u00f6glich ausf\u00fcllen und mit <strong>Kopien<\/strong> von ben\u00f6tigten Unterlagen zur <strong>Formularhilfe<\/strong> mitbringen. Wir schauen dann gemeinsam, dass der Antrag vollst\u00e4ndig ausgef\u00fcllt ist. Anschlie\u00dfend kannst du den Antrag an folgende Adresse schicken:<\/p>\n\n\n\n<p><strong>Familienkasse Nordrhein-Westfalen Nord<\/strong><strong><\/strong><\/p>\n\n\n\n<p><strong>44785 Bochum<\/strong><\/p>\n<\/div><\/div><\/div>\n\n\n\n<div class=\"wp-block-essential-blocks-accordion-item eb-accordion-item-7ce6c5n eb-accordion-wrapper\" data-clickable=\"false\"><div class=\"eb-accordion-title-wrapper eb-accordion-title-wrapper-eb-accordion-4hdvhe7\" tabindex=\"0\"><span class=\"eb-accordion-icon-wrapper eb-accordion-icon-wrapper-eb-accordion-4hdvhe7\"><span class=\"fas fa-angle-right eb-accordion-icon\"><\/span><\/span><div class=\"eb-accordion-title-content-wrap title-content-eb-accordion-4hdvhe7\"><h3 class=\"eb-accordion-title\">Antrag auf Kinderzuschlag<\/h3><\/div><\/div><div class=\"eb-accordion-content-wrapper eb-accordion-content-wrapper-eb-accordion-4hdvhe7\"><div class=\"eb-accordion-content\">\n<ul class=\"wp-block-list\">\n<li>Formular Antrag auf Kinderzuschlag<\/li>\n\n\n\n<li>Anlage Kind.<\/li>\n\n\n\n<li>\u00a0Anlage Partner<\/li>\n\n\n\n<li><strong>Alle<\/strong> Anlagen gem\u00e4\u00df Brief der Familienkasse<\/li>\n\n\n\n<li>Kindergeldnummer<\/li>\n\n\n\n<li>Aufenthaltstitel sofern andere als deutsche Staatsangeh\u00f6rigkeit<\/li>\n\n\n\n<li>Mieth\u00f6he, Nebenkosten, Heizungskosten, Mietvertrag, letzte Miet\u00e4nderung, <strong>Vermieterbescheinigung<\/strong>, Nebenkostenabrechnung, letzte Mietzahlung (Kontoauszug)<\/li>\n\n\n\n<li>Einkommensnachweise 6 Monate vor Beantragung (Lohnabrechnungen oder Verdienstbescheinigung vom Arbeitgeber)<\/li>\n<\/ul>\n\n\n\n<p><strong>TIP:<\/strong> Keine \u00c4nderungen eingetreten seit letztem Hauptantrag vor 6 Monaten? Es besteht die M\u00f6glichkeit eines Kurzantrags.<\/p>\n\n\n\n<p><strong>BEACHTE:<\/strong> In der Regel keine r\u00fcckwirkende Gew\u00e4hrung.<\/p>\n\n\n\n<p>Bitte Formulare ausf\u00fcllen und mit <strong>Kopien<\/strong> von der Unterlagen zur Formularhilfe mitbringen. Wir schauen dann gemeinsam, dass der Antrag vollst\u00e4ndig ausgef\u00fcllt ist. Anschlie\u00dfend versenden an folgende Adresse:<\/p>\n\n\n\n<p><strong>Familienkasse Nordrhein-Westfalen Nord<\/strong><strong><\/strong><\/p>\n\n\n\n<p><strong>44785 Bochum<\/strong><\/p>\n<\/div><\/div><\/div>\n\n\n\n<div class=\"wp-block-essential-blocks-accordion-item eb-accordion-item-o0v56yc eb-accordion-wrapper\" data-clickable=\"false\"><div class=\"eb-accordion-title-wrapper eb-accordion-title-wrapper-eb-accordion-4hdvhe7\" tabindex=\"0\"><span class=\"eb-accordion-icon-wrapper eb-accordion-icon-wrapper-eb-accordion-4hdvhe7\"><span class=\"fas fa-angle-right eb-accordion-icon\"><\/span><\/span><div class=\"eb-accordion-title-content-wrap title-content-eb-accordion-4hdvhe7\"><h3 class=\"eb-accordion-title\">Antrag auf Wohngeld<\/h3><\/div><\/div><div class=\"eb-accordion-content-wrapper eb-accordion-content-wrapper-eb-accordion-4hdvhe7\"><div class=\"eb-accordion-content\">\n<ul class=\"wp-block-list\">\n<li><strong>Alle<\/strong> Anlagen gem\u00e4\u00df Brief der Wohngelstelle<\/li>\n\n\n\n<li>Formular Antrag auf Wohngeld<\/li>\n\n\n\n<li>Nachweise zu den Eink\u00fcnften aller Haushaltsmitglieder in den letzten 12 Monaten vor Beantragung (Verdienstbescheinigung oder Lohn-\/Gehaltsabrechnungen<\/li>\n\n\n\n<li>Mietvertrag, Nebenkosten, letzte Betriebskostenabrechnung, Heizkosten monatlich und letzte Abrechnung, ggf. letztes Mietanpassungsschreiben vom Vermieter und Nachweis letzte Mietzahlung (Kontoauszug), Vermieterbescheinigung<\/li>\n\n\n\n<li>Vordruck \u201eZusatzerkl\u00e4rung zum Antrag auf W\u2026\u201c<\/li>\n<\/ul>\n\n\n\n<p><strong>TIP:<\/strong> Wenn der Wohngeld-Antrag im lfd. Monat voraussichtlich&nbsp; n i c h t&nbsp; vollst\u00e4ndig eingereicht werden kann, empfiehlt es sich, vorab einen \u201eformlosen Antrag\u201c einzureichen, um das Wohngeld im Fall einer positiven Entscheidung f\u00fcr den lfd. Monat zu sichern.<\/p>\n\n\n\n<p><strong>BEACHTE:<\/strong> Der Wohngeldbescheid ergeht in der Regel f\u00fcr 12 Monate. An einen neuen Antrag muss rechtzeitig vor Ablauf gestellt werden.<\/p>\n\n\n\n<p><strong>ACHTUNG:<\/strong> Bei Ver\u00e4nderungen Einkommen, Anzahl der Haushaltsmitglieder, Umzug und so weiter besteht Informationspflicht seitens des Antragsteller!<\/p>\n\n\n\n<p>Antragsunterlagen sind einzureichen beim:<\/p>\n\n\n\n<p><strong>Amt f\u00fcr Soziales und Wohnen \u2013Wohngeldstelle-<\/strong><\/p>\n\n\n\n<p><strong>Wilhelmstr. 8, 45964 Gladbeck<\/strong><\/p>\n<\/div><\/div><\/div>\n<\/div><\/div><\/div><\/div>\n","protected":false},"excerpt":{"rendered":"<p>Die Formularhilfe hilft jeden Dienstag von 9-12 Uhr beim Ausf\u00fcllen von Formularen. Besonders bei Vertr\u00e4gen, Schriftwechseln mit \u00c4mtern, sowie bei Antr\u00e4gen an das Land und die Kommune. Um Zeit zu sparen denken Sie bitte daran, die n\u00f6tigen Dokumente schon zur Beratung mitzubringen.<\/p>\n","protected":false},"author":1,"featured_media":0,"parent":0,"menu_order":0,"comment_status":"closed","ping_status":"closed","template":"","meta":{"_eb_attr":"","footnotes":""},"class_list":["post-1633","page","type-page","status-publish","hentry"],"_links":{"self":[{"href":"https:\/\/k4-gladbeck.de\/index.php?rest_route=\/wp\/v2\/pages\/1633","targetHints":{"allow":["GET"]}}],"collection":[{"href":"https:\/\/k4-gladbeck.de\/index.php?rest_route=\/wp\/v2\/pages"}],"about":[{"href":"https:\/\/k4-gladbeck.de\/index.php?rest_route=\/wp\/v2\/types\/page"}],"author":[{"embeddable":true,"href":"https:\/\/k4-gladbeck.de\/index.php?rest_route=\/wp\/v2\/users\/1"}],"replies":[{"embeddable":true,"href":"https:\/\/k4-gladbeck.de\/index.php?rest_route=%2Fwp%2Fv2%2Fcomments&post=1633"}],"version-history":[{"count":12,"href":"https:\/\/k4-gladbeck.de\/index.php?rest_route=\/wp\/v2\/pages\/1633\/revisions"}],"predecessor-version":[{"id":1645,"href":"https:\/\/k4-gladbeck.de\/index.php?rest_route=\/wp\/v2\/pages\/1633\/revisions\/1645"}],"wp:attachment":[{"href":"https:\/\/k4-gladbeck.de\/index.php?rest_route=%2Fwp%2Fv2%2Fmedia&parent=1633"}],"curies":[{"name":"wp","href":"https:\/\/api.w.org\/{rel}","templated":true}]}}