{"id":1228,"date":"2023-07-12T18:48:57","date_gmt":"2023-07-12T18:48:57","guid":{"rendered":"https:\/\/k4-gladbeck.de\/?page_id=1228"},"modified":"2023-09-26T13:24:46","modified_gmt":"2023-09-26T13:24:46","slug":"das-ist-k4","status":"publish","type":"page","link":"https:\/\/k4-gladbeck.de\/?page_id=1228","title":{"rendered":"Das ist K4!"},"content":{"rendered":"\n<p>Wir f\u00f6rdern die soziale Kommunikation und das Miteinander.<\/p>\n\n\n\n<p>Das K4 ist ein offenes Haus. Bei uns sind alle willkommen, die den Gedanken der Gemeinschaft und des gegenseitigen Respekts teilen. Unsere R\u00e4ume sind bedarfsgerecht gestaltet: f\u00fcr Kinder, Jugendliche, Kreative und Familien. F\u00fcr Menschen egal welchen Alters, egal welcher Herkunft und egal welchen Geschlechts. <\/p>\n\n\n\n<p>Bunt und vielf\u00e4ltig &#8211; das ist K4.<\/p>\n\n\n\n<div class=\"wp-block-essential-blocks-image-gallery\"><div class=\"eb-parent-wrapper eb-parent-eb-image-gallery-dtbroda \"><div class=\"eb-gallery-img-wrapper eb-image-gallery-dtbroda grid overlay-bottom caption-style-0  \" data-id=\"eb-image-gallery-dtbroda\"><a href=\"https:\/\/k4-gladbeck.de\/wp-content\/uploads\/2023\/09\/Fotostrecke-K4-Gladbeck-23-scaled.jpg\" id=\"eb-gallery-img-content\" data-fslightbox=\"gallery\" data-type=\"image\" class=\"eb-gallery-img-content eb-filter-img-\"><span class=\"eb-gallery-link-wrapper\"><img decoding=\"async\" class=\"eb-gallery-img\" src=\"https:\/\/k4-gladbeck.de\/wp-content\/uploads\/2023\/09\/Fotostrecke-K4-Gladbeck-23-scaled.jpg\" image-index=\"0\" alt=\"\"\/><\/span><\/a><a href=\"https:\/\/k4-gladbeck.de\/wp-content\/uploads\/2022\/05\/kinder-puzzel.jpg\" id=\"eb-gallery-img-content\" data-fslightbox=\"gallery\" data-type=\"image\" class=\"eb-gallery-img-content eb-filter-img-\"><span class=\"eb-gallery-link-wrapper\"><img decoding=\"async\" class=\"eb-gallery-img\" src=\"https:\/\/k4-gladbeck.de\/wp-content\/uploads\/2022\/05\/kinder-puzzel.jpg\" image-index=\"1\" alt=\"\"\/><\/span><\/a><a href=\"https:\/\/k4-gladbeck.de\/wp-content\/uploads\/2022\/05\/kinder-malen-3.jpg\" id=\"eb-gallery-img-content\" data-fslightbox=\"gallery\" data-type=\"image\" class=\"eb-gallery-img-content eb-filter-img-\"><span class=\"eb-gallery-link-wrapper\"><img decoding=\"async\" class=\"eb-gallery-img\" src=\"https:\/\/k4-gladbeck.de\/wp-content\/uploads\/2022\/05\/kinder-malen-3.jpg\" image-index=\"2\" alt=\"\"\/><\/span><\/a><a href=\"https:\/\/k4-gladbeck.de\/wp-content\/uploads\/2022\/05\/IMG_20191014_121946-scaled.jpg\" id=\"eb-gallery-img-content\" data-fslightbox=\"gallery\" data-type=\"image\" class=\"eb-gallery-img-content eb-filter-img-\"><span class=\"eb-gallery-link-wrapper\"><img decoding=\"async\" class=\"eb-gallery-img\" src=\"https:\/\/k4-gladbeck.de\/wp-content\/uploads\/2022\/05\/IMG_20191014_121946-scaled.jpg\" image-index=\"3\" alt=\"\"\/><\/span><\/a><a href=\"https:\/\/k4-gladbeck.de\/wp-content\/uploads\/2022\/05\/IMG_20191016_151205-scaled.jpg\" id=\"eb-gallery-img-content\" data-fslightbox=\"gallery\" data-type=\"image\" class=\"eb-gallery-img-content eb-filter-img-\"><span class=\"eb-gallery-link-wrapper\"><img decoding=\"async\" class=\"eb-gallery-img\" src=\"https:\/\/k4-gladbeck.de\/wp-content\/uploads\/2022\/05\/IMG_20191016_151205-scaled.jpg\" image-index=\"4\" alt=\"\"\/><\/span><\/a><a href=\"https:\/\/k4-gladbeck.de\/wp-content\/uploads\/2022\/05\/IMG-20200725-WA0003.jpg\" id=\"eb-gallery-img-content\" data-fslightbox=\"gallery\" data-type=\"image\" class=\"eb-gallery-img-content eb-filter-img-\"><span class=\"eb-gallery-link-wrapper\"><img decoding=\"async\" class=\"eb-gallery-img\" src=\"https:\/\/k4-gladbeck.de\/wp-content\/uploads\/2022\/05\/IMG-20200725-WA0003.jpg\" image-index=\"5\" alt=\"\"\/><\/span><\/a><a href=\"https:\/\/k4-gladbeck.de\/wp-content\/uploads\/2023\/09\/Fotostrecke-K4-Gladbeck-27-scaled.jpg\" id=\"eb-gallery-img-content\" data-fslightbox=\"gallery\" data-type=\"image\" class=\"eb-gallery-img-content eb-filter-img-\"><span class=\"eb-gallery-link-wrapper\"><img decoding=\"async\" class=\"eb-gallery-img\" src=\"https:\/\/k4-gladbeck.de\/wp-content\/uploads\/2023\/09\/Fotostrecke-K4-Gladbeck-27-scaled.jpg\" image-index=\"6\" alt=\"\"\/><\/span><\/a><a href=\"https:\/\/k4-gladbeck.de\/wp-content\/uploads\/2023\/09\/PHOTO-2022-11-05-15-43-21.jpg\" id=\"eb-gallery-img-content\" data-fslightbox=\"gallery\" data-type=\"image\" class=\"eb-gallery-img-content eb-filter-img-\"><span class=\"eb-gallery-link-wrapper\"><img decoding=\"async\" class=\"eb-gallery-img\" src=\"https:\/\/k4-gladbeck.de\/wp-content\/uploads\/2023\/09\/PHOTO-2022-11-05-15-43-21.jpg\" image-index=\"7\" alt=\"\"\/><\/span><\/a><a href=\"https:\/\/k4-gladbeck.de\/wp-content\/uploads\/2023\/09\/IMG_20211204_114241_resized_20211204_010125587.jpg\" id=\"eb-gallery-img-content\" data-fslightbox=\"gallery\" data-type=\"image\" class=\"eb-gallery-img-content eb-filter-img-\"><span class=\"eb-gallery-link-wrapper\"><img decoding=\"async\" class=\"eb-gallery-img\" src=\"https:\/\/k4-gladbeck.de\/wp-content\/uploads\/2023\/09\/IMG_20211204_114241_resized_20211204_010125587.jpg\" image-index=\"8\" alt=\"\"\/><\/span><\/a><\/div><\/div><\/div>\n","protected":false},"excerpt":{"rendered":"<p>Wir f\u00f6rdern die soziale Kommunikation und das Miteinander. Das K4 ist ein offenes Haus. Bei uns sind alle willkommen, die den Gedanken der Gemeinschaft und des gegenseitigen Respekts teilen. Unsere R\u00e4ume sind bedarfsgerecht gestaltet: f\u00fcr Kinder, Jugendliche, Kreative und Familien. F\u00fcr Menschen egal welchen Alters, egal welcher Herkunft und egal welchen Geschlechts. Bunt und vielf\u00e4ltig &#8211; das ist K4.<\/p>\n","protected":false},"author":1,"featured_media":0,"parent":0,"menu_order":0,"comment_status":"closed","ping_status":"closed","template":"","meta":{"_eb_attr":"","footnotes":""},"class_list":["post-1228","page","type-page","status-publish","hentry"],"_links":{"self":[{"href":"https:\/\/k4-gladbeck.de\/index.php?rest_route=\/wp\/v2\/pages\/1228","targetHints":{"allow":["GET"]}}],"collection":[{"href":"https:\/\/k4-gladbeck.de\/index.php?rest_route=\/wp\/v2\/pages"}],"about":[{"href":"https:\/\/k4-gladbeck.de\/index.php?rest_route=\/wp\/v2\/types\/page"}],"author":[{"embeddable":true,"href":"https:\/\/k4-gladbeck.de\/index.php?rest_route=\/wp\/v2\/users\/1"}],"replies":[{"embeddable":true,"href":"https:\/\/k4-gladbeck.de\/index.php?rest_route=%2Fwp%2Fv2%2Fcomments&post=1228"}],"version-history":[{"count":10,"href":"https:\/\/k4-gladbeck.de\/index.php?rest_route=\/wp\/v2\/pages\/1228\/revisions"}],"predecessor-version":[{"id":1491,"href":"https:\/\/k4-gladbeck.de\/index.php?rest_route=\/wp\/v2\/pages\/1228\/revisions\/1491"}],"wp:attachment":[{"href":"https:\/\/k4-gladbeck.de\/index.php?rest_route=%2Fwp%2Fv2%2Fmedia&parent=1228"}],"curies":[{"name":"wp","href":"https:\/\/api.w.org\/{rel}","templated":true}]}}